{"id":6656,"date":"2026-04-23T16:16:21","date_gmt":"2026-04-23T14:16:21","guid":{"rendered":"https:\/\/coachpognon.com\/?page_id=6656"},"modified":"2026-04-29T15:08:38","modified_gmt":"2026-04-29T13:08:38","slug":"stratheon-sa","status":"publish","type":"page","link":"https:\/\/coachpognon.com\/en\/stratheon-sa\/","title":{"rendered":"STRATHEON SA"},"content":{"rendered":"<div data-elementor-type=\"wp-page\" data-elementor-id=\"6656\" class=\"elementor elementor-6656\" data-elementor-settings=\"{&quot;ha_cmc_init_switcher&quot;:&quot;no&quot;}\">\n\t\t\t\t<div class=\"elementor-element elementor-element-cafd32f e-flex e-con-boxed jltma-glass-effect-no e-con e-parent\" data-id=\"cafd32f\" data-element_type=\"container\" data-e-type=\"container\" data-settings=\"{&quot;background_background&quot;:&quot;classic&quot;,&quot;_ha_eqh_enable&quot;:false}\">\n\t\t\t\t\t<div class=\"e-con-inner\">\n\t\t\t\t<div class=\"elementor-element elementor-element-813df4f elementor-widget__width-initial jltma-glass-effect-no exad-sticky-section-no exad-glass-effect-no elementor-invisible elementor-widget elementor-widget-elementskit-heading\" data-id=\"813df4f\" data-element_type=\"widget\" data-e-type=\"widget\" data-settings=\"{&quot;_animation&quot;:&quot;fadeInUp&quot;}\" data-widget_type=\"elementskit-heading.default\">\n\t\t\t\t<div class=\"elementor-widget-container\">\n\t\t\t\t\t<div class=\"ekit-wid-con\" ><div class=\"ekit-heading elementskit-section-title-wraper text_left   ekit_heading_tablet-   ekit_heading_mobile-\"><h2 class=\"ekit-heading--title elementskit-section-title\"> STRATHEON SA<\/h2>\t\t\t\t<div class='ekit-heading__description'>\n\t\t\t\t\t<p><em><i>Ing\u00e9nierie institutionnelle. L\u00e0 o\u00f9 la pens\u00e9e devient architecture.<\/i><\/em><\/p>\n\t\t\t\t<\/div>\n\t\t\t<\/div><\/div>\t\t\t\t<\/div>\n\t\t\t\t<\/div>\n\t\t<div class=\"elementor-element elementor-element-b3de520 e-con-full e-flex jltma-glass-effect-no e-con e-child\" data-id=\"b3de520\" data-element_type=\"container\" data-e-type=\"container\" data-settings=\"{&quot;_ha_eqh_enable&quot;:false}\">\n\t\t\t\t<\/div>\n\t\t\t\t\t<\/div>\n\t\t\t\t<\/div>\n\t\t<div class=\"elementor-element elementor-element-e4h1y82 e-flex e-con-boxed jltma-glass-effect-no e-con e-parent\" data-id=\"e4h1y82\" data-element_type=\"container\" data-e-type=\"container\" data-settings=\"{&quot;_ha_eqh_enable&quot;:false}\">\n\t\t\t\t\t<div class=\"e-con-inner\">\n\t\t<div class=\"elementor-element elementor-element-a471c7a e-con-full e-flex jltma-glass-effect-no e-con e-child\" data-id=\"a471c7a\" data-element_type=\"container\" data-e-type=\"container\" data-settings=\"{&quot;_ha_eqh_enable&quot;:false}\">\n\t\t\t\t<div class=\"elementor-element elementor-element-602b490 elementor-widget__width-initial jltma-glass-effect-no exad-sticky-section-no exad-glass-effect-no elementor-widget elementor-widget-heading\" data-id=\"602b490\" data-element_type=\"widget\" data-e-type=\"widget\" data-widget_type=\"heading.default\">\n\t\t\t\t<div class=\"elementor-widget-container\">\n\t\t\t\t\t<h2 class=\"elementor-heading-title elementor-size-default\">Qui sommes-nous ?<\/h2>\t\t\t\t<\/div>\n\t\t\t\t<\/div>\n\t\t\t\t<\/div>\n\t\t<div class=\"elementor-element elementor-element-3f51f8d e-con-full e-flex jltma-glass-effect-no e-con e-child\" data-id=\"3f51f8d\" data-element_type=\"container\" data-e-type=\"container\" data-settings=\"{&quot;_ha_eqh_enable&quot;:false}\">\n\t\t\t\t<div class=\"elementor-element elementor-element-310a9d8 elementor-widget__width-initial jltma-glass-effect-no exad-sticky-section-no exad-glass-effect-no elementor-widget elementor-widget-heading\" data-id=\"310a9d8\" data-element_type=\"widget\" data-e-type=\"widget\" data-widget_type=\"heading.default\">\n\t\t\t\t<div class=\"elementor-widget-container\">\n\t\t\t\t\t<h6 class=\"elementor-heading-title elementor-size-default\">STRATHEON SA<\/h6>\t\t\t\t<\/div>\n\t\t\t\t<\/div>\n\t\t\t\t<div class=\"elementor-element elementor-element-44bc7b6 elementor-widget__width-initial jltma-glass-effect-no exad-sticky-section-no exad-glass-effect-no elementor-widget elementor-widget-hfe-infocard\" data-id=\"44bc7b6\" data-element_type=\"widget\" data-e-type=\"widget\" data-widget_type=\"hfe-infocard.default\">\n\t\t\t\t<div class=\"elementor-widget-container\">\n\t\t\t\t\t\n\t\t<div class=\"hfe-infocard\">\n\t\t\t\t\t\t\t\t\t<div class=\"hfe-infocard-text-wrap\">\n\t\t\t\t<div class=\"hfe-infocard-text elementor-inline-editing\" data-elementor-setting-key=\"infocard_description\" data-elementor-inline-editing-toolbar=\"advanced\">\n\t\t\t\t\tSTRATHEON SA est le cabinet d'ing\u00e9nierie strat\u00e9gique et institutionnelle du Pr Patrick Armand POGNON. Il est sp\u00e9cialis\u00e9 dans la conception, la formalisation et la stabilisation des syst\u00e8mes d\u00e9cisionnels et organisationnels durables.\nC'est le bras d'ex\u00e9cution op\u00e9rationnel de sa pens\u00e9e \u2014 l\u00e0 o\u00f9 les mod\u00e9lisations scientifiques se traduisent en missions de terrain pour les entreprises, les institutions publiques et les syst\u00e8mes de gouvernance.\t\t\t\t<\/div>\n\t\t\t\t\t\t\t<\/div>\n\t\t<\/div>\n\n\t\t\t\t\t\t<\/div>\n\t\t\t\t<\/div>\n\t\t\t\t<\/div>\n\t\t<div class=\"elementor-element elementor-element-e92d08f e-con-full e-flex jltma-glass-effect-no e-con e-child\" data-id=\"e92d08f\" data-element_type=\"container\" data-e-type=\"container\" data-settings=\"{&quot;_ha_eqh_enable&quot;:false}\">\n\t\t\t\t<div class=\"elementor-element elementor-element-fcc7a1f jltma-glass-effect-no exad-sticky-section-no exad-glass-effect-no elementor-widget elementor-widget-image-box\" data-id=\"fcc7a1f\" data-element_type=\"widget\" data-e-type=\"widget\" data-widget_type=\"image-box.default\">\n\t\t\t\t<div class=\"elementor-widget-container\">\n\t\t\t\t\t<div class=\"elementor-image-box-wrapper\"><div class=\"elementor-image-box-content\"><h2 class=\"elementor-image-box-title\">Notre m\u00e9tier<\/h2><p class=\"elementor-image-box-description\">Concevoir \u2014 b\u00e2tir des institutions qui n'existaient pas encore, \u00e0 partir d'une vision et d'une intention.<br>\nStructurer \u2014 mettre en ordre les institutions qui existent mais qui peinent \u00e0 tenir debout.<br>\nTransformer \u2014 refondre les institutions qui doivent changer pour continuer \u00e0 exister.<\/p><\/div><\/div>\t\t\t\t<\/div>\n\t\t\t\t<\/div>\n\t\t\t\t<\/div>\n\t\t\t\t\t<\/div>\n\t\t\t\t<\/div>\n\t\t<div class=\"elementor-element elementor-element-p7jfnjs e-flex e-con-boxed jltma-glass-effect-no e-con e-parent\" data-id=\"p7jfnjs\" data-element_type=\"container\" data-e-type=\"container\" data-settings=\"{&quot;background_background&quot;:&quot;classic&quot;,&quot;_ha_eqh_enable&quot;:false}\">\n\t\t\t\t\t<div class=\"e-con-inner\">\n\t\t<div class=\"elementor-element elementor-element-f643276 e-con-full e-flex jltma-glass-effect-no e-con e-child\" data-id=\"f643276\" data-element_type=\"container\" data-e-type=\"container\" data-settings=\"{&quot;_ha_eqh_enable&quot;:false}\">\n\t\t\t\t<div class=\"elementor-element elementor-element-1cf2f8a jltma-glass-effect-no exad-sticky-section-no exad-glass-effect-no elementor-widget elementor-widget-image-box\" data-id=\"1cf2f8a\" data-element_type=\"widget\" data-e-type=\"widget\" data-widget_type=\"image-box.default\">\n\t\t\t\t<div class=\"elementor-widget-container\">\n\t\t\t\t\t<div class=\"elementor-image-box-wrapper\"><div class=\"elementor-image-box-content\"><h2 class=\"elementor-image-box-title\">Nos domaines d'intervention<\/h2><p class=\"elementor-image-box-description\">\u2022 Entreprises \u2014 gouvernance, organisation, culture de performance, transmission.<br>\n\u2022 Institutions publiques \u2014 refonte de syst\u00e8mes administratifs, ing\u00e9nierie des politiques publiques.<br>\n \u2022 Organisations religieuses \u2014 structuration de gouvernance et architecture de p\u00e9rennit\u00e9.<br>\n\u2022 Organismes internationaux \u2014 conception et \u00e9valuation de syst\u00e8mes panafricains et multilat\u00e9raux.<\/p><\/div><\/div>\t\t\t\t<\/div>\n\t\t\t\t<\/div>\n\t\t\t\t<\/div>\n\t\t<div class=\"elementor-element elementor-element-85354f5 e-con-full e-flex jltma-glass-effect-no e-con e-child\" data-id=\"85354f5\" data-element_type=\"container\" data-e-type=\"container\" data-settings=\"{&quot;_ha_eqh_enable&quot;:false}\">\n\t\t\t\t<div class=\"elementor-element elementor-element-bfa8f71 jltma-glass-effect-no exad-sticky-section-no exad-glass-effect-no elementor-widget elementor-widget-image-box\" data-id=\"bfa8f71\" data-element_type=\"widget\" data-e-type=\"widget\" data-widget_type=\"image-box.default\">\n\t\t\t\t<div class=\"elementor-widget-container\">\n\t\t\t\t\t<div class=\"elementor-image-box-wrapper\"><div class=\"elementor-image-box-content\"><h2 class=\"elementor-image-box-title\">Notre m\u00e9thode<\/h2><p class=\"elementor-image-box-description\">Les trois piliers universels du Pr POGNON appliqu\u00e9s \u00e0 l'institution :\n\u2022Coh\u00e9rence \u2014 aligner vision, structures et comportements institutionnels.<br>\n\u2022Discipline \u2014 installer des standards, rythmes et r\u00e8gles qui tiennent au-del\u00e0 des personnes.\n\n\u2022Intelligence organis\u00e9e \u2014 structurer le savoir-faire pour qu'il devienne transmissible et institutionnel.<\/p><\/div><\/div>\t\t\t\t<\/div>\n\t\t\t\t<\/div>\n\t\t\t\t<\/div>\n\t\t\t\t\t<\/div>\n\t\t\t\t<\/div>\n\t\t<div class=\"elementor-element elementor-element-fikorbp e-flex e-con-boxed jltma-glass-effect-no e-con e-parent\" data-id=\"fikorbp\" data-element_type=\"container\" data-e-type=\"container\" data-settings=\"{&quot;_ha_eqh_enable&quot;:false}\">\n\t\t\t\t\t<div class=\"e-con-inner\">\n\t\t<div class=\"elementor-element elementor-element-85f2501 e-con-full e-flex jltma-glass-effect-no e-con e-child\" data-id=\"85f2501\" data-element_type=\"container\" data-e-type=\"container\" data-settings=\"{&quot;_ha_eqh_enable&quot;:false}\">\n\t\t\t\t<div class=\"elementor-element elementor-element-d9bb7eb elementor-widget__width-initial jltma-glass-effect-no exad-sticky-section-no exad-glass-effect-no elementor-widget elementor-widget-heading\" data-id=\"d9bb7eb\" data-element_type=\"widget\" data-e-type=\"widget\" data-widget_type=\"heading.default\">\n\t\t\t\t<div class=\"elementor-widget-container\">\n\t\t\t\t\t<h2 class=\"elementor-heading-title elementor-size-default\">Nos missions<\/h2>\t\t\t\t<\/div>\n\t\t\t\t<\/div>\n\t\t\t\t<\/div>\n\t\t<div class=\"elementor-element elementor-element-eead996 e-con-full e-flex jltma-glass-effect-no e-con e-child\" data-id=\"eead996\" data-element_type=\"container\" data-e-type=\"container\" data-settings=\"{&quot;_ha_eqh_enable&quot;:false}\">\n\t\t\t\t<div class=\"elementor-element elementor-element-79fd198 elementor-widget__width-initial jltma-glass-effect-no exad-sticky-section-no exad-glass-effect-no elementor-widget elementor-widget-text-editor\" data-id=\"79fd198\" data-element_type=\"widget\" data-e-type=\"widget\" data-widget_type=\"text-editor.default\">\n\t\t\t\t<div class=\"elementor-widget-container\">\n\t\t\t\t\t\t\t\t\t<p>STRATHEON SA intervient sur mandat confidentiel. Les missions se d\u00e9roulent en quatre temps : diagnostic, conception, mise en \u0153uvre accompagn\u00e9e, stabilisation.<\/p>\t\t\t\t\t\t\t\t<\/div>\n\t\t\t\t<\/div>\n\t\t\t\t<\/div>\n\t\t\t\t\t<\/div>\n\t\t\t\t<\/div>\n\t\t<div class=\"elementor-element elementor-element-7d47975 e-flex e-con-boxed jltma-glass-effect-no e-con e-parent\" data-id=\"7d47975\" data-element_type=\"container\" data-e-type=\"container\" data-settings=\"{&quot;background_background&quot;:&quot;classic&quot;,&quot;_ha_eqh_enable&quot;:false}\">\n\t\t\t\t\t<div class=\"e-con-inner\">\n\t\t\t\t<div class=\"elementor-element elementor-element-4cf0c3a elementor-align-center elementor-mobile-align-center elementor-tablet-align-left jltma-glass-effect-no exad-sticky-section-no exad-glass-effect-no elementor-invisible elementor-widget elementor-widget-button\" data-id=\"4cf0c3a\" data-element_type=\"widget\" data-e-type=\"widget\" data-settings=\"{&quot;_animation&quot;:&quot;fadeInUp&quot;,&quot;ha_floating_fx&quot;:&quot;yes&quot;,&quot;ha_floating_fx_translate_toggle&quot;:&quot;yes&quot;,&quot;ha_floating_fx_translate_x&quot;:{&quot;unit&quot;:&quot;px&quot;,&quot;size&quot;:&quot;&quot;,&quot;sizes&quot;:{&quot;from&quot;:0,&quot;to&quot;:5}},&quot;ha_floating_fx_translate_y&quot;:{&quot;unit&quot;:&quot;px&quot;,&quot;size&quot;:&quot;&quot;,&quot;sizes&quot;:{&quot;from&quot;:0,&quot;to&quot;:5}},&quot;ha_floating_fx_translate_duration&quot;:{&quot;unit&quot;:&quot;px&quot;,&quot;size&quot;:1000,&quot;sizes&quot;:[]},&quot;ha_floating_fx_translate_delay&quot;:{&quot;unit&quot;:&quot;px&quot;,&quot;size&quot;:&quot;&quot;,&quot;sizes&quot;:[]}}\" data-widget_type=\"button.default\">\n\t\t\t\t<div class=\"elementor-widget-container\">\n\t\t\t\t\t\t\t\t\t<div class=\"elementor-button-wrapper\">\n\t\t\t\t\t<a class=\"elementor-button elementor-button-link elementor-size-sm\" href=\"#\">\n\t\t\t\t\t\t<span class=\"elementor-button-content-wrapper\">\n\t\t\t\t\t\t<span class=\"elementor-button-icon\">\n\t\t\t\t\t\t\t<\/span>\n\t\t\t\t\t\t\t\t\t<span class=\"elementor-button-text\">Demander une mission<\/span>\n\t\t\t\t\t<\/span>\n\t\t\t\t\t<\/a>\n\t\t\t\t<\/div>\n\t\t\t\t\t\t\t\t<\/div>\n\t\t\t\t<\/div>\n\t\t\t\t\t<\/div>\n\t\t\t\t<\/div>\n\t\t\t\t<\/div>","protected":false},"excerpt":{"rendered":"<p>STRATHEON SA Ing\u00e9nierie institutionnelle. L\u00e0 o\u00f9 la pens\u00e9e devient architecture. Qui sommes-nous ? STRATHEON SA STRATHEON SA est le cabinet d&rsquo;ing\u00e9nierie strat\u00e9gique et institutionnelle du Pr Patrick Armand POGNON. Il est sp\u00e9cialis\u00e9 dans la conception, la formalisation et la stabilisation des syst\u00e8mes d\u00e9cisionnels et organisationnels durables. C&rsquo;est le bras d&rsquo;ex\u00e9cution op\u00e9rationnel de sa pens\u00e9e \u2014 [&hellip;]<\/p>\n","protected":false},"author":3,"featured_media":0,"parent":0,"menu_order":0,"comment_status":"closed","ping_status":"closed","template":"","meta":{"_uag_custom_page_level_css":"","_monsterinsights_skip_tracking":false,"_monsterinsights_sitenote_active":false,"_monsterinsights_sitenote_note":"","_monsterinsights_sitenote_category":0,"site-sidebar-layout":"no-sidebar","site-content-layout":"","ast-site-content-layout":"full-width-container","site-content-style":"default","site-sidebar-style":"default","ast-global-header-display":"","ast-banner-title-visibility":"","ast-main-header-display":"","ast-hfb-above-header-display":"","ast-hfb-below-header-display":"","ast-hfb-mobile-header-display":"","site-post-title":"","ast-breadcrumbs-content":"","ast-featured-img":"disabled","footer-sml-layout":"","ast-disable-related-posts":"","theme-transparent-header-meta":"","adv-header-id-meta":"","stick-header-meta":"","header-above-stick-meta":"","header-main-stick-meta":"","header-below-stick-meta":"","astra-migrate-meta-layouts":"default","ast-page-background-enabled":"default","ast-page-background-meta":{"desktop":{"background-color":"var(--ast-global-color-4)","background-image":"","background-repeat":"repeat","background-position":"center center","background-size":"auto","background-attachment":"scroll","background-type":"","background-media":"","overlay-type":"","overlay-color":"","overlay-opacity":"","overlay-gradient":""},"tablet":{"background-color":"","background-image":"","background-repeat":"repeat","background-position":"center center","background-size":"auto","background-attachment":"scroll","background-type":"","background-media":"","overlay-type":"","overlay-color":"","overlay-opacity":"","overlay-gradient":""},"mobile":{"background-color":"","background-image":"","background-repeat":"repeat","background-position":"center center","background-size":"auto","background-attachment":"scroll","background-type":"","background-media":"","overlay-type":"","overlay-color":"","overlay-opacity":"","overlay-gradient":""}},"ast-content-background-meta":{"desktop":{"background-color":"var(--ast-global-color-5)","background-image":"","background-repeat":"repeat","background-position":"center center","background-size":"auto","background-attachment":"scroll","background-type":"","background-media":"","overlay-type":"","overlay-color":"","overlay-opacity":"","overlay-gradient":""},"tablet":{"background-color":"var(--ast-global-color-5)","background-image":"","background-repeat":"repeat","background-position":"center center","background-size":"auto","background-attachment":"scroll","background-type":"","background-media":"","overlay-type":"","overlay-color":"","overlay-opacity":"","overlay-gradient":""},"mobile":{"background-color":"var(--ast-global-color-5)","background-image":"","background-repeat":"repeat","background-position":"center center","background-size":"auto","background-attachment":"scroll","background-type":"","background-media":"","overlay-type":"","overlay-color":"","overlay-opacity":"","overlay-gradient":""}},"footnotes":""},"class_list":["post-6656","page","type-page","status-publish","hentry"],"yoast_head":"<!-- This site is optimized with the Yoast SEO plugin v27.5 - https:\/\/yoast.com\/product\/yoast-seo-wordpress\/ -->\n<title>STRATHEON SA -<\/title>\n<meta name=\"description\" content=\"STRATHEON SA est le cabinet d&#039;ing\u00e9nierie strat\u00e9gique et institutionnelle du Pr Patrick Armand POGNON. Il est sp\u00e9cialis\u00e9 dans la conception...\" \/>\n<meta name=\"robots\" content=\"index, follow, max-snippet:-1, max-image-preview:large, max-video-preview:-1\" \/>\n<link rel=\"canonical\" href=\"https:\/\/coachpognon.com\/en\/stratheon-sa\/\" \/>\n<meta property=\"og:locale\" content=\"en_US\" \/>\n<meta property=\"og:type\" content=\"article\" \/>\n<meta property=\"og:title\" content=\"STRATHEON SA -\" \/>\n<meta property=\"og:description\" content=\"STRATHEON SA est le cabinet d&#039;ing\u00e9nierie strat\u00e9gique et institutionnelle du Pr Patrick Armand POGNON. Il est sp\u00e9cialis\u00e9 dans la conception...\" \/>\n<meta property=\"og:url\" content=\"https:\/\/coachpognon.com\/en\/stratheon-sa\/\" \/>\n<meta property=\"article:modified_time\" content=\"2026-04-29T13:08:38+00:00\" \/>\n<meta name=\"twitter:card\" content=\"summary_large_image\" \/>\n<meta name=\"twitter:label1\" content=\"Est. reading time\" \/>\n\t<meta name=\"twitter:data1\" content=\"2 minutes\" \/>\n<script type=\"application\/ld+json\" class=\"yoast-schema-graph\">{\"@context\":\"https:\\\/\\\/schema.org\",\"@graph\":[{\"@type\":\"WebPage\",\"@id\":\"https:\\\/\\\/coachpognon.com\\\/stratheon-sa\\\/\",\"url\":\"https:\\\/\\\/coachpognon.com\\\/stratheon-sa\\\/\",\"name\":\"STRATHEON SA -\",\"isPartOf\":{\"@id\":\"https:\\\/\\\/coachpognon.com\\\/#website\"},\"datePublished\":\"2026-04-23T14:16:21+00:00\",\"dateModified\":\"2026-04-29T13:08:38+00:00\",\"description\":\"STRATHEON SA est le cabinet d'ing\u00e9nierie strat\u00e9gique et institutionnelle du Pr Patrick Armand POGNON. Il est sp\u00e9cialis\u00e9 dans la conception...\",\"breadcrumb\":{\"@id\":\"https:\\\/\\\/coachpognon.com\\\/stratheon-sa\\\/#breadcrumb\"},\"inLanguage\":\"en-US\",\"potentialAction\":[{\"@type\":\"ReadAction\",\"target\":[\"https:\\\/\\\/coachpognon.com\\\/stratheon-sa\\\/\"]}]},{\"@type\":\"BreadcrumbList\",\"@id\":\"https:\\\/\\\/coachpognon.com\\\/stratheon-sa\\\/#breadcrumb\",\"itemListElement\":[{\"@type\":\"ListItem\",\"position\":1,\"name\":\"Accueil\",\"item\":\"https:\\\/\\\/coachpognon.com\\\/\"},{\"@type\":\"ListItem\",\"position\":2,\"name\":\"STRATHEON SA\"}]},{\"@type\":\"WebSite\",\"@id\":\"https:\\\/\\\/coachpognon.com\\\/#website\",\"url\":\"https:\\\/\\\/coachpognon.com\\\/\",\"name\":\"\",\"description\":\"\",\"potentialAction\":[{\"@type\":\"SearchAction\",\"target\":{\"@type\":\"EntryPoint\",\"urlTemplate\":\"https:\\\/\\\/coachpognon.com\\\/?s={search_term_string}\"},\"query-input\":{\"@type\":\"PropertyValueSpecification\",\"valueRequired\":true,\"valueName\":\"search_term_string\"}}],\"inLanguage\":\"en-US\"}]}<\/script>\n<!-- \/ Yoast SEO plugin. -->","yoast_head_json":{"title":"STRATHEON SA -","description":"STRATHEON SA est le cabinet d'ing\u00e9nierie strat\u00e9gique et institutionnelle du Pr Patrick Armand POGNON. Il est sp\u00e9cialis\u00e9 dans la conception...","robots":{"index":"index","follow":"follow","max-snippet":"max-snippet:-1","max-image-preview":"max-image-preview:large","max-video-preview":"max-video-preview:-1"},"canonical":"https:\/\/coachpognon.com\/en\/stratheon-sa\/","og_locale":"en_US","og_type":"article","og_title":"STRATHEON SA -","og_description":"STRATHEON SA est le cabinet d'ing\u00e9nierie strat\u00e9gique et institutionnelle du Pr Patrick Armand POGNON. Il est sp\u00e9cialis\u00e9 dans la conception...","og_url":"https:\/\/coachpognon.com\/en\/stratheon-sa\/","article_modified_time":"2026-04-29T13:08:38+00:00","twitter_card":"summary_large_image","twitter_misc":{"Est. reading time":"2 minutes"},"schema":{"@context":"https:\/\/schema.org","@graph":[{"@type":"WebPage","@id":"https:\/\/coachpognon.com\/stratheon-sa\/","url":"https:\/\/coachpognon.com\/stratheon-sa\/","name":"STRATHEON SA -","isPartOf":{"@id":"https:\/\/coachpognon.com\/#website"},"datePublished":"2026-04-23T14:16:21+00:00","dateModified":"2026-04-29T13:08:38+00:00","description":"STRATHEON SA est le cabinet d'ing\u00e9nierie strat\u00e9gique et institutionnelle du Pr Patrick Armand POGNON. Il est sp\u00e9cialis\u00e9 dans la conception...","breadcrumb":{"@id":"https:\/\/coachpognon.com\/stratheon-sa\/#breadcrumb"},"inLanguage":"en-US","potentialAction":[{"@type":"ReadAction","target":["https:\/\/coachpognon.com\/stratheon-sa\/"]}]},{"@type":"BreadcrumbList","@id":"https:\/\/coachpognon.com\/stratheon-sa\/#breadcrumb","itemListElement":[{"@type":"ListItem","position":1,"name":"Accueil","item":"https:\/\/coachpognon.com\/"},{"@type":"ListItem","position":2,"name":"STRATHEON SA"}]},{"@type":"WebSite","@id":"https:\/\/coachpognon.com\/#website","url":"https:\/\/coachpognon.com\/","name":"","description":"","potentialAction":[{"@type":"SearchAction","target":{"@type":"EntryPoint","urlTemplate":"https:\/\/coachpognon.com\/?s={search_term_string}"},"query-input":{"@type":"PropertyValueSpecification","valueRequired":true,"valueName":"search_term_string"}}],"inLanguage":"en-US"}]}},"uagb_featured_image_src":{"full":false,"thumbnail":false,"medium":false,"medium_large":false,"large":false,"master_addons_team_thumb":false,"meafe-featured-page":false,"meafe-testimonial-two":false,"meafe-blog-one":false,"meafe-blog-two":false,"meafe-category-tab":false,"meafe-category-grid":false,"meafe-category-grid-one":false,"meafe-category-grid-two":false,"meafe-category-grid-three":false,"meafe-category-grid-lay-three":false,"meafe-post-modules-small-img":false,"1536x1536":false,"2048x2048":false,"trp-custom-language-flag":false},"uagb_author_info":{"display_name":"Flora AKOFFODJI","author_link":"https:\/\/coachpognon.com\/en\/author\/flora\/"},"uagb_comment_info":0,"uagb_excerpt":"STRATHEON SA Ing\u00e9nierie institutionnelle. L\u00e0 o\u00f9 la pens\u00e9e devient architecture. Qui sommes-nous ? STRATHEON SA STRATHEON SA est le cabinet d&rsquo;ing\u00e9nierie strat\u00e9gique et institutionnelle du Pr Patrick Armand POGNON. Il est sp\u00e9cialis\u00e9 dans la conception, la formalisation et la stabilisation des syst\u00e8mes d\u00e9cisionnels et organisationnels durables. C&rsquo;est le bras d&rsquo;ex\u00e9cution op\u00e9rationnel de sa pens\u00e9e \u2014&hellip;","_links":{"self":[{"href":"https:\/\/coachpognon.com\/en\/wp-json\/wp\/v2\/pages\/6656","targetHints":{"allow":["GET"]}}],"collection":[{"href":"https:\/\/coachpognon.com\/en\/wp-json\/wp\/v2\/pages"}],"about":[{"href":"https:\/\/coachpognon.com\/en\/wp-json\/wp\/v2\/types\/page"}],"author":[{"embeddable":true,"href":"https:\/\/coachpognon.com\/en\/wp-json\/wp\/v2\/users\/3"}],"replies":[{"embeddable":true,"href":"https:\/\/coachpognon.com\/en\/wp-json\/wp\/v2\/comments?post=6656"}],"version-history":[{"count":49,"href":"https:\/\/coachpognon.com\/en\/wp-json\/wp\/v2\/pages\/6656\/revisions"}],"predecessor-version":[{"id":7337,"href":"https:\/\/coachpognon.com\/en\/wp-json\/wp\/v2\/pages\/6656\/revisions\/7337"}],"wp:attachment":[{"href":"https:\/\/coachpognon.com\/en\/wp-json\/wp\/v2\/media?parent=6656"}],"curies":[{"name":"wp","href":"https:\/\/api.w.org\/{rel}","templated":true}]}}